{"id":61,"date":"2023-11-21T14:25:58","date_gmt":"2023-11-21T14:25:58","guid":{"rendered":"https:\/\/fosenkajakk.no\/?page_id=61"},"modified":"2026-02-06T11:18:26","modified_gmt":"2026-02-06T11:18:26","slug":"utleie","status":"publish","type":"page","link":"https:\/\/fosenkajakk.no\/index.php\/utleie\/","title":{"rendered":"Utleie"},"content":{"rendered":"\n<p>Fosen Kajakklubb tilbyr utleie av utstyr til sine medlemmer. For \u00e5 leie utstyr m\u00e5 man ha <a href=\"https:\/\/padling.no\/vaattkort\/historien-bak-vaattkort\/de-ulike-kursene-i-npf-vaattkort\/havpadling\/grunnkurs-hav\/\">Grunnkurs Hav<\/a> i <a href=\"https:\/\/padling.no\/vaattkort\/\">Norges Padleforbunds V\u00e5ttkort-stige<\/a>, samt v\u00e6re medlem i klubben.<\/p>\n\n\n\n<h3 class=\"wp-block-heading\">Prisliste<\/h3>\n\n\n\n<figure class=\"wp-block-table\"><table><tbody><tr><td>Kajakk (inkl. \u00e5re og spruttrekk)<\/td><td>100,- pr dag<\/td><\/tr><tr><td>T\u00f8rrdrakt<\/td><td>200,- pr dag<\/td><\/tr><\/tbody><\/table><\/figure>\n\n\n\n<h3 class=\"wp-block-heading\">Utleieregler<\/h3>\n\n\n\n<p>N\u00e5r du leier, har du ansvar for \u00e5 lever utstyret tilbake i samme tilstand som du fikk det utdelt i. Normal slitasje godtas selvf\u00f8lgelig. <\/p>\n\n\n\n<h3 class=\"wp-block-heading\">Hvordan leie?<\/h3>\n\n\n\n<p>I forbindelse med klubbarrangementer vil vi s\u00f8rge for at det er tilgjengelige personer som kan hjelpe til med \u00e5 hente ut utstyr p\u00e5 M\u00f8lnarg\u00e5rden, Brandvikveien 14, 7165 Oksvoll. \u00d8nsker man \u00e5 leie utenom et arrangement m\u00e5 man ta kontakt med styret.<\/p>\n\n\n\n<p>Betaling gj\u00f8res over VIPPS nr 770967. Ved \u00e5 betale bekrefter man at man har satt seg inn i utleiereglene.<\/p>\n","protected":false},"excerpt":{"rendered":"<p>Fosen Kajakklubb tilbyr utleie av utstyr til sine medlemmer. For \u00e5 leie utstyr m\u00e5 man ha Grunnkurs Hav i Norges Padleforbunds V\u00e5ttkort-stige, samt v\u00e6re medlem i klubben. Prisliste Kajakk (inkl. &#8230; <a title=\"Utleie\" class=\"read-more\" href=\"https:\/\/fosenkajakk.no\/index.php\/utleie\/\" aria-label=\"Read more about Utleie\">Les mer<\/a><\/p>\n","protected":false},"author":1,"featured_media":0,"parent":0,"menu_order":0,"comment_status":"closed","ping_status":"closed","template":"","meta":{"_price":"","_stock":"","_tribe_ticket_header":"","_tribe_default_ticket_provider":"","_tribe_ticket_capacity":"0","_ticket_start_date":"","_ticket_end_date":"","_tribe_ticket_show_description":"","_tribe_ticket_show_not_going":false,"_tribe_ticket_use_global_stock":"","_tribe_ticket_global_stock_level":"","_global_stock_mode":"","_global_stock_cap":"","_tribe_rsvp_for_event":"","_tribe_ticket_going_count":"","_tribe_ticket_not_going_count":"","_tribe_tickets_list":"[]","_tribe_ticket_has_attendee_info_fields":false,"footnotes":"","_tec_slr_enabled":"","_tec_slr_layout":""},"class_list":["post-61","page","type-page","status-publish"],"ticketed":false,"_links":{"self":[{"href":"https:\/\/fosenkajakk.no\/index.php\/wp-json\/wp\/v2\/pages\/61","targetHints":{"allow":["GET"]}}],"collection":[{"href":"https:\/\/fosenkajakk.no\/index.php\/wp-json\/wp\/v2\/pages"}],"about":[{"href":"https:\/\/fosenkajakk.no\/index.php\/wp-json\/wp\/v2\/types\/page"}],"author":[{"embeddable":true,"href":"https:\/\/fosenkajakk.no\/index.php\/wp-json\/wp\/v2\/users\/1"}],"replies":[{"embeddable":true,"href":"https:\/\/fosenkajakk.no\/index.php\/wp-json\/wp\/v2\/comments?post=61"}],"version-history":[{"count":3,"href":"https:\/\/fosenkajakk.no\/index.php\/wp-json\/wp\/v2\/pages\/61\/revisions"}],"predecessor-version":[{"id":311,"href":"https:\/\/fosenkajakk.no\/index.php\/wp-json\/wp\/v2\/pages\/61\/revisions\/311"}],"wp:attachment":[{"href":"https:\/\/fosenkajakk.no\/index.php\/wp-json\/wp\/v2\/media?parent=61"}],"curies":[{"name":"wp","href":"https:\/\/api.w.org\/{rel}","templated":true}]}}