{"id":31,"date":"2023-11-11T10:52:46","date_gmt":"2023-11-11T10:52:46","guid":{"rendered":"https:\/\/fosenkajakk.no\/?page_id=31"},"modified":"2023-11-11T10:52:46","modified_gmt":"2023-11-11T10:52:46","slug":"vedtekter","status":"publish","type":"page","link":"https:\/\/fosenkajakk.no\/index.php\/om-klubben\/vedtekter\/","title":{"rendered":"Vedtekter"},"content":{"rendered":"\n<h4 class=\"wp-block-heading\">Form\u00e5l<\/h4>\n\n\n\n<p>Form\u00e5let med klubben er \u00e5 fremme fysisk aktivitet for alle aldersgrupper p\u00e5 en trygg og forsvarlig m\u00e5te uansett funksjonsniv\u00e5, gjennom \u00e5 tilby kurs og ha fokus p\u00e5 sikker padling.<\/p>\n\n\n\n<h4 class=\"wp-block-heading\">\u00c5rsm\u00f8tet<\/h4>\n\n\n\n<p>\u00c5rsm\u00f8tet er klubbens h\u00f8yeste myndighet og skal avholdes hvert \u00e5r f\u00f8r midten av mars. \u00c5rsm\u00f8te behandler styrets beretning, regnskap, innkomne forslag samt foretar valg av klubbstyre, leder og valgkomit\u00e9.<\/p>\n\n\n\n<p>\u00c5rsm\u00f8tet skal innkalles med minst 14 dagers varsel, og alle medlemmer kan m\u00f8te. Fristen for \u00e5 levere forslag til \u00e5rsm\u00f8tet skal v\u00e6re 1 uke f\u00f8r. Dette m\u00e5 opplyses i innkallingen. Forslag som ikke er innkommet til styret innen fristen, kan ikke forlanges behandlet.&nbsp;<\/p>\n\n\n\n<p>Alle saker avgj\u00f8res med vanlig flertall. Ved stemmelikhet anses forslaget som forkastet. Endringer i vedtektene krever 3\/4 flertall.&nbsp;<\/p>\n\n\n\n<p>Ekstraordin\u00e6rt \u00e5rsm\u00f8te skal innkalles n\u00e5r styret eller minst 25 % av medlemmene krever det. Slikt \u00e5rsm\u00f8te innkalles med 2 dagers varsel, og kan bare behandle saker som var foranledningen til innkallelsen.<\/p>\n\n\n\n<h4 class=\"wp-block-heading\">Styret<\/h4>\n\n\n\n<p>\u00c5rsm\u00f8tet velger styret som skal best\u00e5 av 5 personer. Valgperioden er 2 \u00e5r, dog slik at ikke alle st\u00e5r p\u00e5 valg samtidig. Leder velges hvert \u00e5r, kasserer, sekret\u00e6r og to styremedlemmer. I tillegg velges to varamedlemmer. Styret er vedtaksf\u00f8rt n\u00e5r halvparten er til stede. Ved stemmelikhet har leder dobbeltstemme. Styret forvalter klubbens verdier.<\/p>\n\n\n\n<h4 class=\"wp-block-heading\">Medlemsm\u00f8ter<\/h4>\n\n\n\n<p>Medlemsm\u00f8ter holdes etter behov, og n\u00e5r 1 av styrets medlemmer eller minst 25 % av medlemmene krever det.<\/p>\n\n\n\n<h4 class=\"wp-block-heading\">Regler for medlemmenes forhold til foreningen<\/h4>\n\n\n\n<p>For \u00e5 v\u00e6re medlem m\u00e5 du ha betalt kontingent. Familiemedlemmer likestilles hovedmedlemmet. For \u00e5 ha stemmerett m\u00e5 du v\u00e6re fylt 15 \u00e5r. For \u00e5 bruke stemmeretten m\u00e5 du v\u00e6re tilstede p\u00e5 \u00e5rsm\u00f8tet.<\/p>\n\n\n\n<h4 class=\"wp-block-heading\">Fosen kajakk- klubb er selveiende.<\/h4>\n\n\n\n<p>Ingen kan disponere klubbens formue, ha krav p\u00e5 utdeling av overskudd eller hefte for gjeld. Ved en eventuell avvikling av klubben skal klubbens verdier g\u00e5 til lignende lag eller forening, bestemt av \u00e5rsm\u00f8tet.<\/p>\n","protected":false},"excerpt":{"rendered":"<p>Form\u00e5l Form\u00e5let med klubben er \u00e5 fremme fysisk aktivitet for alle aldersgrupper p\u00e5 en trygg og forsvarlig m\u00e5te uansett funksjonsniv\u00e5, gjennom \u00e5 tilby kurs og ha fokus p\u00e5 sikker padling. &#8230; <a title=\"Vedtekter\" class=\"read-more\" href=\"https:\/\/fosenkajakk.no\/index.php\/om-klubben\/vedtekter\/\" aria-label=\"Read more about Vedtekter\">Les mer<\/a><\/p>\n","protected":false},"author":1,"featured_media":0,"parent":23,"menu_order":0,"comment_status":"closed","ping_status":"closed","template":"","meta":{"_price":"","_stock":"","_tribe_ticket_header":"","_tribe_default_ticket_provider":"","_tribe_ticket_capacity":"0","_ticket_start_date":"","_ticket_end_date":"","_tribe_ticket_show_description":"","_tribe_ticket_show_not_going":false,"_tribe_ticket_use_global_stock":"","_tribe_ticket_global_stock_level":"","_global_stock_mode":"","_global_stock_cap":"","_tribe_rsvp_for_event":"","_tribe_ticket_going_count":"","_tribe_ticket_not_going_count":"","_tribe_tickets_list":"[]","_tribe_ticket_has_attendee_info_fields":false,"footnotes":"","_tec_slr_enabled":"","_tec_slr_layout":""},"class_list":["post-31","page","type-page","status-publish"],"ticketed":false,"_links":{"self":[{"href":"https:\/\/fosenkajakk.no\/index.php\/wp-json\/wp\/v2\/pages\/31","targetHints":{"allow":["GET"]}}],"collection":[{"href":"https:\/\/fosenkajakk.no\/index.php\/wp-json\/wp\/v2\/pages"}],"about":[{"href":"https:\/\/fosenkajakk.no\/index.php\/wp-json\/wp\/v2\/types\/page"}],"author":[{"embeddable":true,"href":"https:\/\/fosenkajakk.no\/index.php\/wp-json\/wp\/v2\/users\/1"}],"replies":[{"embeddable":true,"href":"https:\/\/fosenkajakk.no\/index.php\/wp-json\/wp\/v2\/comments?post=31"}],"version-history":[{"count":1,"href":"https:\/\/fosenkajakk.no\/index.php\/wp-json\/wp\/v2\/pages\/31\/revisions"}],"predecessor-version":[{"id":32,"href":"https:\/\/fosenkajakk.no\/index.php\/wp-json\/wp\/v2\/pages\/31\/revisions\/32"}],"up":[{"embeddable":true,"href":"https:\/\/fosenkajakk.no\/index.php\/wp-json\/wp\/v2\/pages\/23"}],"wp:attachment":[{"href":"https:\/\/fosenkajakk.no\/index.php\/wp-json\/wp\/v2\/media?parent=31"}],"curies":[{"name":"wp","href":"https:\/\/api.w.org\/{rel}","templated":true}]}}